{"id":133,"date":"2024-09-14T10:35:32","date_gmt":"2024-09-14T08:35:32","guid":{"rendered":"https:\/\/amcpsychologue.com\/?page_id=133"},"modified":"2024-09-14T12:21:51","modified_gmt":"2024-09-14T10:21:51","slug":"mon-parcours","status":"publish","type":"page","link":"https:\/\/amcpsychologue.com\/index.php\/mon-parcours\/","title":{"rendered":"Mon parcours"},"content":{"rendered":"\n<blockquote class=\"wp-block-quote is-layout-flow wp-block-quote-is-layout-flow\">\n<p class=\"is-style-info\">Dipl\u00f4mes nationaux et universitaires<\/p>\n\n\n\n<p>2018 &#8211; D.U. Observation des nourrissons et ses applications &#8211; Universit\u00e9 de Caen-Normandie<br><\/p>\n\n\n\n<p>2008 &#8211; Master de psychologie clinique &#8211; Universit\u00e9 d&#8217;Angers<\/p>\n\n\n\n<p class=\"is-style-info\">Autres formations<\/p>\n\n\n\n<p>2024 &#8211; Gestalt &#8211; Gestalt plus &#8211; Rennes <em>(en cours)<\/em><\/p>\n\n\n\n<p>2023 &#8211; Entretien syst\u00e9mique &#8211; GERFI<br><br>2019 &#8211; Violences conjugales &#8211; CNFPT<br><br>2013 &#8211; Travail avec les familles des enfants et adultes handicap\u00e9s &#8211; FormAvenir<br><br>2011 &#8211; Autisme et TED &#8211; GERFI<br><br>2010 &#8211; Troubles psychiques et polyhandicap &#8211; CESAP<\/p>\n\n\n\n<p class=\"is-style-info\">Exp\u00e9riences<\/p>\n\n\n\n<p>Depuis 2015 &#8211; Clinicienne &#8211; Apaei de Caen &#8211; Caen &#8211; Institut M\u00e9dico-Educatif<br><br>2016 &#8211; 2024 &#8211; Clinicienne &#8211; Centre Hospitalier de Vire &#8211; Vire &#8211; centre p\u00e9rinatal de proximit\u00e9<br><br>2014 &#8211; 2015 &#8211; Clinicienne &#8211; Foyer de vie Ana\u00efs &#8211; La Chapelle Pr\u00e8s S\u00e9es &#8211; Institut M\u00e9dico-\u00e9ducatif<br><br>2009 &#8211; 2013 &#8211; Clinicienne &#8211; Centre Accueil M\u00e9dico Educatif Sp\u00e9cialis\u00e9 (CAMES) &#8211; Graye-sur-Mer &#8211; SESSAD<\/p>\n<\/blockquote>\n","protected":false},"excerpt":{"rendered":"<p>Dipl\u00f4mes nationaux et universitaires 2018 &#8211; D.U. Observation des nourrissons et ses applications &#8211; Universit\u00e9 de Caen-Normandie 2008 &#8211; Master de psychologie clinique &#8211; Universit\u00e9 d&#8217;Angers Autres formations 2024 &#8211; Gestalt &#8211; Gestalt plus &#8211; Rennes (en cours) 2023 &#8211; Entretien syst\u00e9mique &#8211; GERFI 2019 &#8211; Violences conjugales &#8211; CNFPT 2013 &#8211; Travail avec les [&hellip;]<\/p>\n","protected":false},"author":1,"featured_media":0,"parent":0,"menu_order":0,"comment_status":"closed","ping_status":"closed","template":"modele_page_perso","meta":{"_coblocks_attr":"","_coblocks_dimensions":"","_coblocks_responsive_height":"","_coblocks_accordion_ie_support":"","footnotes":""},"class_list":["post-133","page","type-page","status-publish","hentry"],"_links":{"self":[{"href":"https:\/\/amcpsychologue.com\/index.php\/wp-json\/wp\/v2\/pages\/133","targetHints":{"allow":["GET"]}}],"collection":[{"href":"https:\/\/amcpsychologue.com\/index.php\/wp-json\/wp\/v2\/pages"}],"about":[{"href":"https:\/\/amcpsychologue.com\/index.php\/wp-json\/wp\/v2\/types\/page"}],"author":[{"embeddable":true,"href":"https:\/\/amcpsychologue.com\/index.php\/wp-json\/wp\/v2\/users\/1"}],"replies":[{"embeddable":true,"href":"https:\/\/amcpsychologue.com\/index.php\/wp-json\/wp\/v2\/comments?post=133"}],"version-history":[{"count":5,"href":"https:\/\/amcpsychologue.com\/index.php\/wp-json\/wp\/v2\/pages\/133\/revisions"}],"predecessor-version":[{"id":169,"href":"https:\/\/amcpsychologue.com\/index.php\/wp-json\/wp\/v2\/pages\/133\/revisions\/169"}],"wp:attachment":[{"href":"https:\/\/amcpsychologue.com\/index.php\/wp-json\/wp\/v2\/media?parent=133"}],"curies":[{"name":"wp","href":"https:\/\/api.w.org\/{rel}","templated":true}]}}