{"id":198,"date":"2024-09-14T13:03:03","date_gmt":"2024-09-14T11:03:03","guid":{"rendered":"https:\/\/amcpsychologue.com\/?page_id=198"},"modified":"2024-09-16T10:07:51","modified_gmt":"2024-09-16T08:07:51","slug":"ma-pratique","status":"publish","type":"page","link":"https:\/\/amcpsychologue.com\/index.php\/ma-pratique\/","title":{"rendered":"Ma Pratique"},"content":{"rendered":"\n<blockquote class=\"wp-block-quote is-layout-flow wp-block-quote-is-layout-flow\">\n<p class=\"is-style-info\">Pr\u00e9sentation<\/p>\n\n\n\n<p class=\"has-text-align-left\" style=\"font-size:14px\">J\u2019exerce mon m\u00e9tier de psychologue depuis 15 ans apr\u00e8s un parcours professionnel dans le secteur du bien-\u00eatre et un long s\u00e9jour \u00e0 l\u2019\u00e9tranger qui m\u2019ont fait comprendre que je souhaitais accompagner les gens dans leurs difficult\u00e9s de vie en leur proposant une \u00e9coute singuli\u00e8re et sans jugement.<\/p>\n\n\n\n<p class=\"has-text-align-left\" style=\"font-size:14px\">Je me suis form\u00e9e \u00e0 la psychologie clinique, psychopathologique et sociale dans plusieurs universit\u00e9s d\u2019ob\u00e9diences diverses ce qui m\u2019a permis de faire des choix \u00e9clair\u00e9s sur ma pratique. Aujourd\u2019hui je me forme \u00e0 la Gestalt th\u00e9rapie qui est une approche permettant d\u2019identifier la fa\u00e7on dont nous sommes en relation avec nous- m\u00eame et avec notre environnement en reconnectant le corps \u00e0 l\u2019esprit.<\/p>\n\n\n\n<p class=\"has-text-align-left\" style=\"font-size:14px\">Aussi, je vous offre un espace s\u00e9curisant, de confiance dans lequel vous pourrez avancer dans votre r\u00e9flexion et votre vie.<\/p>\n\n\n\n<p class=\"has-text-align-left\" style=\"font-size:14px\">Que vous soyez adolescents, adultes, que vous pr\u00e9sentiez des signes de souffrance psychique, de l\u2019angoisse, de la d\u00e9prime ou une difficult\u00e9 \u00e0 traverser un \u00e9v\u00e8nement de vie douloureux, je saurai vous accueillir avec bienveillance.<\/p>\n\n\n\n<p class=\"has-text-align-left\" style=\"font-size:14px\">Je suis \u00e9galement sp\u00e9cialis\u00e9e en p\u00e9rinatalit\u00e9, ce qui signifie que j\u2019accompagne les femmes enceintes ou en d\u00e9sir de l\u2019\u00eatre et les couples. Je peux ainsi vous rencontrer dans le cadre de votre grossesse si vous pr\u00e9sentez des troubles anxieux et\/ou d\u00e9pressifs, un baby-blues, un choix d\u2019I.V.G\u2026 J\u2019accompagne \u00e9galement les femmes confront\u00e9es \u00e0 des probl\u00e8mes gyn\u00e9cologiques entrainant des douleurs chroniques ou des soucis dans leur sexualit\u00e9.<br><\/p>\n<\/blockquote>\n","protected":false},"excerpt":{"rendered":"<p>Pr\u00e9sentation J\u2019exerce mon m\u00e9tier de psychologue depuis 15 ans apr\u00e8s un parcours professionnel dans le secteur du bien-\u00eatre et un long s\u00e9jour \u00e0 l\u2019\u00e9tranger qui m\u2019ont fait comprendre que je souhaitais accompagner les gens dans leurs difficult\u00e9s de vie en leur proposant une \u00e9coute singuli\u00e8re et sans jugement. Je me suis form\u00e9e \u00e0 la psychologie [&hellip;]<\/p>\n","protected":false},"author":1,"featured_media":0,"parent":0,"menu_order":0,"comment_status":"closed","ping_status":"closed","template":"modele_page_perso","meta":{"_coblocks_attr":"","_coblocks_dimensions":"","_coblocks_responsive_height":"","_coblocks_accordion_ie_support":"","footnotes":""},"class_list":["post-198","page","type-page","status-publish","hentry"],"_links":{"self":[{"href":"https:\/\/amcpsychologue.com\/index.php\/wp-json\/wp\/v2\/pages\/198","targetHints":{"allow":["GET"]}}],"collection":[{"href":"https:\/\/amcpsychologue.com\/index.php\/wp-json\/wp\/v2\/pages"}],"about":[{"href":"https:\/\/amcpsychologue.com\/index.php\/wp-json\/wp\/v2\/types\/page"}],"author":[{"embeddable":true,"href":"https:\/\/amcpsychologue.com\/index.php\/wp-json\/wp\/v2\/users\/1"}],"replies":[{"embeddable":true,"href":"https:\/\/amcpsychologue.com\/index.php\/wp-json\/wp\/v2\/comments?post=198"}],"version-history":[{"count":9,"href":"https:\/\/amcpsychologue.com\/index.php\/wp-json\/wp\/v2\/pages\/198\/revisions"}],"predecessor-version":[{"id":210,"href":"https:\/\/amcpsychologue.com\/index.php\/wp-json\/wp\/v2\/pages\/198\/revisions\/210"}],"wp:attachment":[{"href":"https:\/\/amcpsychologue.com\/index.php\/wp-json\/wp\/v2\/media?parent=198"}],"curies":[{"name":"wp","href":"https:\/\/api.w.org\/{rel}","templated":true}]}}